{"id":934,"date":"2023-12-02T04:45:00","date_gmt":"2023-12-02T04:45:00","guid":{"rendered":"https:\/\/goliathcapitalfinance.com\/?page_id=934"},"modified":"2025-06-03T01:46:02","modified_gmt":"2025-06-03T01:46:02","slug":"company","status":"publish","type":"page","link":"https:\/\/goliathcapitalfinance.com\/es\/company\/","title":{"rendered":"Compa\u00f1\u00eda"},"content":{"rendered":"<h2>\n\t\tCompa\u00f1\u00eda\n\t<\/h2>\n\t<p>Aprovechamos esta oportunidad para presentar Goliath Capital Financial LLC. y para dar una breve descripci\u00f3n de nuestras operaciones comerciales. Goliath se constituy\u00f3 en 2019 en Coral Gables, Miami, Florida, EE. UU., con el prop\u00f3sito de ofrecer servicios para la mejora de Carteras Financieras y Estrategias Financieras.<\/p>\n<p>Hemos seguido creciendo y, en el proceso, hemos creado una base s\u00f3lida comprometida a brindar a nuestros clientes soluciones y estrategias a medida para la creaci\u00f3n y\/o mejora de sus carteras financieras.<\/p>","protected":false},"excerpt":{"rendered":"<p>Company We take this opportunity to introduce Goliath Capital Financial LLC. and to give a brief overview of our business operations. Goliath was incorporated in 2019 in Coral Gables, Miami, Florida USA, for the purpose of offering Services for the Enhancement of Financial Portfolios and Financial Strategies. We have continued to grow and, in the &hellip;<\/p>\n<p class=\"read-more\"> <a class=\"\" href=\"https:\/\/goliathcapitalfinance.com\/es\/company\/\"> <span class=\"screen-reader-text\">Compa\u00f1\u00eda<\/span> Leer m\u00e1s &raquo;<\/a><\/p>","protected":false},"author":1,"featured_media":0,"parent":0,"menu_order":0,"comment_status":"closed","ping_status":"closed","template":"","meta":[],"_links":{"self":[{"href":"https:\/\/goliathcapitalfinance.com\/es\/wp-json\/wp\/v2\/pages\/934"}],"collection":[{"href":"https:\/\/goliathcapitalfinance.com\/es\/wp-json\/wp\/v2\/pages"}],"about":[{"href":"https:\/\/goliathcapitalfinance.com\/es\/wp-json\/wp\/v2\/types\/page"}],"author":[{"embeddable":true,"href":"https:\/\/goliathcapitalfinance.com\/es\/wp-json\/wp\/v2\/users\/1"}],"replies":[{"embeddable":true,"href":"https:\/\/goliathcapitalfinance.com\/es\/wp-json\/wp\/v2\/comments?post=934"}],"version-history":[{"count":19,"href":"https:\/\/goliathcapitalfinance.com\/es\/wp-json\/wp\/v2\/pages\/934\/revisions"}],"predecessor-version":[{"id":1725,"href":"https:\/\/goliathcapitalfinance.com\/es\/wp-json\/wp\/v2\/pages\/934\/revisions\/1725"}],"wp:attachment":[{"href":"https:\/\/goliathcapitalfinance.com\/es\/wp-json\/wp\/v2\/media?parent=934"}],"curies":[{"name":"wp","href":"https:\/\/api.w.org\/{rel}","templated":true}]}}