{"id":1117,"date":"2024-01-31T18:26:33","date_gmt":"2024-01-31T18:26:33","guid":{"rendered":"https:\/\/goliathcapitalfinance.com\/?page_id=1117"},"modified":"2025-06-03T01:48:59","modified_gmt":"2025-06-03T01:48:59","slug":"clients","status":"publish","type":"page","link":"https:\/\/goliathcapitalfinance.com\/es\/clients\/","title":{"rendered":"Clientes"},"content":{"rendered":"<h2>\n\t\tClientes\n\t<\/h2>\n\t\t\t\t<a href=\"#\" target=\"_self\" itemprop=\"url\" rel=\"noopener\">\n\t\t\t\t<img loading=\"lazy\" src=\"https:\/\/goliathcapitalfinance.com\/wp-content\/uploads\/2025\/05\/Firefly_contacts-within-Governments-and-private-sectors-of-Central-and-South-America-Canada-591117.jpg\" alt=\"Firefly_contacts within Governments and private sectors of Central and South America, Canada, 591117\" itemprop=\"image\" height=\"1792\" width=\"2304\" title=\"Firefly_contacts within Governments and private sectors of Central and South America, Canada, 591117\" onerror=\"this.style.display='none'\"  \/>\n\t\t\t\t<\/a>\n\t\t<h3><a href=\"#\" target=\"_self\" rel=\"noopener\">Hasta la Fecha<\/a><\/h3>\t\t\n\t\t\t<p>Goliath ha establecido contactos con gobiernos y sectores privados de Centro y Sudam\u00e9rica, Canad\u00e1, Estados Unidos, M\u00e9xico, el Caribe, Europa, \u00c1frica y Medio Oriente; y ha brindado una amplia gama de servicios de consultor\u00eda especializados en desarrollo financiero.<\/p>\n\t\t<h3><a href=\"#\" target=\"_self\" rel=\"noopener\">Actualmente<\/a><\/h3>\t\t\n\t\t\t<p>Hemos dispuesto la ejecuci\u00f3n de la coordinaci\u00f3n de grupos de apoyo, desarrollo y promoci\u00f3n de inversiones, estructuraci\u00f3n de propuestas de financiamiento y financiamiento a trav\u00e9s de instrumentos financieros y commodities.<\/p>\n\t\t\t\t<a href=\"#\" target=\"_self\" itemprop=\"url\" rel=\"noopener\">\n\t\t\t\t<img loading=\"lazy\" src=\"https:\/\/goliathcapitalfinance.com\/wp-content\/uploads\/2025\/05\/Firefly_We-have-arranged-for-the-execution-of-coordinating-support-groups-development-and-675637.jpg\" alt=\"Firefly_We have arranged for the execution of coordinating support groups, development and 675637\" itemprop=\"image\" height=\"1792\" width=\"2304\" title=\"Firefly_We have arranged for the execution of coordinating support groups, development and 675637\" onerror=\"this.style.display='none'\"  \/>\n\t\t\t\t<\/a>","protected":false},"excerpt":{"rendered":"<p>Clients To Date Goliath has established contacts within Governments and private sectors of Central and South America, Canada, USA, Mexico, Caribbean, Europe, Africa, and the Middle East; and has provided a wide range of consulting services specializing in financial development. Currently We have arranged for the execution of coordinating support groups, development and promoting investments, &hellip;<\/p>\n<p class=\"read-more\"> <a class=\"\" href=\"https:\/\/goliathcapitalfinance.com\/es\/clients\/\"> <span class=\"screen-reader-text\">Clientes<\/span> Leer m\u00e1s &raquo;<\/a><\/p>","protected":false},"author":1,"featured_media":0,"parent":0,"menu_order":0,"comment_status":"closed","ping_status":"closed","template":"","meta":[],"_links":{"self":[{"href":"https:\/\/goliathcapitalfinance.com\/es\/wp-json\/wp\/v2\/pages\/1117"}],"collection":[{"href":"https:\/\/goliathcapitalfinance.com\/es\/wp-json\/wp\/v2\/pages"}],"about":[{"href":"https:\/\/goliathcapitalfinance.com\/es\/wp-json\/wp\/v2\/types\/page"}],"author":[{"embeddable":true,"href":"https:\/\/goliathcapitalfinance.com\/es\/wp-json\/wp\/v2\/users\/1"}],"replies":[{"embeddable":true,"href":"https:\/\/goliathcapitalfinance.com\/es\/wp-json\/wp\/v2\/comments?post=1117"}],"version-history":[{"count":8,"href":"https:\/\/goliathcapitalfinance.com\/es\/wp-json\/wp\/v2\/pages\/1117\/revisions"}],"predecessor-version":[{"id":1727,"href":"https:\/\/goliathcapitalfinance.com\/es\/wp-json\/wp\/v2\/pages\/1117\/revisions\/1727"}],"wp:attachment":[{"href":"https:\/\/goliathcapitalfinance.com\/es\/wp-json\/wp\/v2\/media?parent=1117"}],"curies":[{"name":"wp","href":"https:\/\/api.w.org\/{rel}","templated":true}]}}