{"id":1113,"date":"2024-01-31T18:22:43","date_gmt":"2024-01-31T18:22:43","guid":{"rendered":"https:\/\/goliathcapitalfinance.com\/?page_id=1113"},"modified":"2025-06-09T19:31:06","modified_gmt":"2025-06-09T19:31:06","slug":"services","status":"publish","type":"page","link":"https:\/\/goliathcapitalfinance.com\/es\/services\/","title":{"rendered":"Servicios"},"content":{"rendered":"<h2>\n\t\tServicios\n\t<\/h2>\n\tHemos creado una red internacional de empresas subsidiarias\/afiliadas con las que operamos independientemente, pero todas con un objetivo com\u00fan de una relaci\u00f3n comercial a largo plazo para beneficio mutuo.<br \/>\n\nHemos seleccionado personas\/empresas con los m\u00e1s altos est\u00e1ndares<br \/>\ny experiencia en diversos campos tales como:\n\t\t\t\t<a href=\"#\" target=\"_self\" itemprop=\"url\" rel=\"noopener\">\n\t\t\t\t<img loading=\"lazy\" src=\"https:\/\/goliathcapitalfinance.com\/wp-content\/uploads\/2025\/05\/Firefly_Providing-services-for-Opening-of-Bank-Trust-Accounts-800395.jpg\" alt=\"Firefly_Providing services for Opening of Bank-Trust Accounts, 800395\" itemprop=\"image\" height=\"1792\" width=\"2304\" title=\"Firefly_Providing services for Opening of Bank-Trust Accounts, 800395\" onerror=\"this.style.display='none'\"  \/>\n\t\t\t\t<\/a>\n<h3><a href=\"#\" target=\"_self\" rel=\"noopener\">Empecemos Aqu\u00ed<\/a><\/h3>\t\t\n\t\t\t<p>Implementar un equipo de consultores, abogados, asesores financieros y\/o ingenieros en el Pa\u00eds espec\u00edfico, seg\u00fan lo requieran nuestros clientes, y<\/p>\n\t\t\t\t<a href=\"#\" target=\"_self\" itemprop=\"url\" rel=\"noopener\">\n\t\t\t\t<img loading=\"lazy\" src=\"https:\/\/goliathcapitalfinance.com\/wp-content\/uploads\/2025\/05\/Firefly_\uf0d8_Operating-in-the-swapping-of-various-financial-instruments-by-which-exchange-is-fac-36157.jpg\" alt=\"Firefly_\uf0d8_Operating in the swapping of various financial instruments by which exchange is fac 36157\" itemprop=\"image\" height=\"1792\" width=\"2304\" title=\"Firefly_\uf0d8_Operating in the swapping of various financial instruments by which exchange is fac 36157\" onerror=\"this.style.display='none'\"  \/>\n\t\t\t\t<\/a>\n<h3><a href=\"#\" target=\"_self\" rel=\"noopener\">Nuevos horizontes<\/a><\/h3>\t\t\n\t\t\t<p>Operar en el intercambio de diversos instrumentos financieros mediante los cuales se facilita el intercambio para la compra y venta de bienes, materias primas, servicios, inversiones y proyectos de gran escala, etc., y<\/p>\n\t\t\t\t<a href=\"#\" target=\"_self\" itemprop=\"url\" rel=\"noopener\">\n\t\t\t\t<img loading=\"lazy\" src=\"https:\/\/goliathcapitalfinance.com\/wp-content\/uploads\/2025\/05\/Firefly_Implementing-a-team-of-consultants-lawyers-financial-advisors-and-or-engineers-as-869285.jpg\" alt=\"Firefly_Implementing a team of consultants, lawyers, financial advisors, and-or engineers, as 869285\" itemprop=\"image\" height=\"1792\" width=\"2304\" title=\"Firefly_Implementing a team of consultants, lawyers, financial advisors, and-or engineers, as 869285\" onerror=\"this.style.display='none'\"  \/>\n\t\t\t\t<\/a>\n<h3><a href=\"#\" target=\"_self\" rel=\"noopener\">Nosotros podemos ayudar<\/a><\/h3>\t\t\n\t\t\t<p>Proporcionar servicios para la apertura de cuentas bancarias\/fiduciarias, registro de nuevas empresas (seg\u00fan sea necesario) y<\/p>\n\t\t\t\t<a href=\"#\" target=\"_self\" itemprop=\"url\" rel=\"noopener\">\n\t\t\t\t<img loading=\"lazy\" src=\"https:\/\/goliathcapitalfinance.com\/wp-content\/uploads\/2025\/05\/Firefly_Providing-financing---facilitating-exchange-of-financial-instruments-for-commodities-941878.jpg\" alt=\"Firefly_Providing financing - facilitating exchange of financial instruments for commodities 941878\" itemprop=\"image\" height=\"1792\" width=\"2304\" title=\"Firefly_Providing financing - facilitating exchange of financial instruments for commodities 941878\" onerror=\"this.style.display='none'\"  \/>\n\t\t\t\t<\/a>\n<h3><a href=\"#\" target=\"_self\" rel=\"noopener\">Alcanza nuevas alturas<\/a><\/h3>\t\t\n\t\t\t<p>Providing financing &#8211; facilitating exchange of financial instruments for commodities and investments<\/p>","protected":false},"excerpt":{"rendered":"<p>Services We have created an international network of subsidiary\/affiliated companies with whom we operate independently but all with a common goal of a long-term business relationship for mutual benefit. We have selected individuals\/companies with the highest standards and expertise in various fields such as: Lets Start Here Providing services for Opening of Bank\/Trust Accounts, Registration &hellip;<\/p>\n<p class=\"read-more\"> <a class=\"\" href=\"https:\/\/goliathcapitalfinance.com\/es\/services\/\"> <span class=\"screen-reader-text\">Servicios<\/span> Leer m\u00e1s &raquo;<\/a><\/p>","protected":false},"author":1,"featured_media":0,"parent":0,"menu_order":0,"comment_status":"closed","ping_status":"closed","template":"","meta":[],"_links":{"self":[{"href":"https:\/\/goliathcapitalfinance.com\/es\/wp-json\/wp\/v2\/pages\/1113"}],"collection":[{"href":"https:\/\/goliathcapitalfinance.com\/es\/wp-json\/wp\/v2\/pages"}],"about":[{"href":"https:\/\/goliathcapitalfinance.com\/es\/wp-json\/wp\/v2\/types\/page"}],"author":[{"embeddable":true,"href":"https:\/\/goliathcapitalfinance.com\/es\/wp-json\/wp\/v2\/users\/1"}],"replies":[{"embeddable":true,"href":"https:\/\/goliathcapitalfinance.com\/es\/wp-json\/wp\/v2\/comments?post=1113"}],"version-history":[{"count":19,"href":"https:\/\/goliathcapitalfinance.com\/es\/wp-json\/wp\/v2\/pages\/1113\/revisions"}],"predecessor-version":[{"id":1732,"href":"https:\/\/goliathcapitalfinance.com\/es\/wp-json\/wp\/v2\/pages\/1113\/revisions\/1732"}],"wp:attachment":[{"href":"https:\/\/goliathcapitalfinance.com\/es\/wp-json\/wp\/v2\/media?parent=1113"}],"curies":[{"name":"wp","href":"https:\/\/api.w.org\/{rel}","templated":true}]}}